{"id":59,"date":"2025-10-05T03:29:01","date_gmt":"2025-10-05T03:29:01","guid":{"rendered":"https:\/\/gwagenn.tv\/?page_id=59"},"modified":"2026-01-27T15:42:14","modified_gmt":"2026-01-27T15:42:14","slug":"mentions-legales","status":"publish","type":"page","link":"https:\/\/site-affiliation.fr\/offre\/mentions-legales\/","title":{"rendered":"Mentions l\u00e9gales"},"content":{"rendered":"\n<p class=\"wp-block-paragraph\">Le pr\u00e9sent site web est \u00e9dit\u00e9 par :<\/p>\n\n\n\n<ul class=\"wp-block-list\">\n<li><strong>Raison sociale :<\/strong>\u00a0MBS m\u00e9dia Z<\/li>\n\n\n\n<li><strong>SIREN :<\/strong>\u00a0907 917 322<\/li>\n\n\n\n<li><strong>Si\u00e8ge social :<\/strong>\u00a050 avenue des Champs-\u00c9lys\u00e9es, 75008 Paris, France<\/li>\n\n\n\n<li><strong>Directeur de la publication :<\/strong>\u00a0Anthony Cardia<\/li>\n\n\n\n<li><strong>Site web :<\/strong>\u00a0<a href=\"https:\/\/site-affiliation.fr\/\" target=\"_blank\" rel=\"noreferrer noopener\">https:\/\/site-affiliation.fr\/<\/a><\/li>\n\n\n\n<li><strong>Email :<\/strong>\u00a0<a href=\"mailto:contact@site-affiliation.fr\">contact@site-affiliation.fr<\/a><\/li>\n<\/ul>\n\n\n\n<div id=\"ez-toc-container\" class=\"ez-toc-v2_0_83 counter-hierarchy ez-toc-counter ez-toc-transparent ez-toc-container-direction\">\n<div class=\"ez-toc-title-container\">\n<p class=\"ez-toc-title\" style=\"cursor:inherit\">Sommaire<\/p>\n<span class=\"ez-toc-title-toggle\"><a href=\"#\" class=\"ez-toc-pull-right ez-toc-btn ez-toc-btn-xs ez-toc-btn-default ez-toc-toggle\" aria-label=\"Toggle Table of Content\"><span class=\"ez-toc-js-icon-con\"><span class=\"\"><span class=\"eztoc-hide\" style=\"display:none;\">Toggle<\/span><span class=\"ez-toc-icon-toggle-span\"><svg style=\"fill: #999;color:#999\" xmlns=\"http:\/\/www.w3.org\/2000\/svg\" class=\"list-377408\" width=\"20px\" height=\"20px\" viewBox=\"0 0 24 24\" fill=\"none\"><path d=\"M6 6H4v2h2V6zm14 0H8v2h12V6zM4 11h2v2H4v-2zm16 0H8v2h12v-2zM4 16h2v2H4v-2zm16 0H8v2h12v-2z\" fill=\"currentColor\"><\/path><\/svg><svg style=\"fill: #999;color:#999\" class=\"arrow-unsorted-368013\" xmlns=\"http:\/\/www.w3.org\/2000\/svg\" width=\"10px\" height=\"10px\" viewBox=\"0 0 24 24\" version=\"1.2\" baseProfile=\"tiny\"><path d=\"M18.2 9.3l-6.2-6.3-6.2 6.3c-.2.2-.3.4-.3.7s.1.5.3.7c.2.2.4.3.7.3h11c.3 0 .5-.1.7-.3.2-.2.3-.5.3-.7s-.1-.5-.3-.7zM5.8 14.7l6.2 6.3 6.2-6.3c.2-.2.3-.5.3-.7s-.1-.5-.3-.7c-.2-.2-.4-.3-.7-.3h-11c-.3 0-.5.1-.7.3-.2.2-.3.5-.3.7s.1.5.3.7z\"\/><\/svg><\/span><\/span><\/span><\/a><\/span><\/div>\n<nav><ul class='ez-toc-list ez-toc-list-level-1 eztoc-toggle-hide-by-default' ><li class='ez-toc-page-1 ez-toc-heading-level-2'><a class=\"ez-toc-link ez-toc-heading-1\" href=\"https:\/\/site-affiliation.fr\/offre\/mentions-legales\/#2_Hebergement\" >2. H\u00e9bergement<\/a><\/li><li class='ez-toc-page-1 ez-toc-heading-level-2'><a class=\"ez-toc-link ez-toc-heading-2\" href=\"https:\/\/site-affiliation.fr\/offre\/mentions-legales\/#3_Propriete_intellectuelle\" >3. Propri\u00e9t\u00e9 intellectuelle<\/a><\/li><li class='ez-toc-page-1 ez-toc-heading-level-2'><a class=\"ez-toc-link ez-toc-heading-3\" href=\"https:\/\/site-affiliation.fr\/offre\/mentions-legales\/#4_Responsabilite\" >4. Responsabilit\u00e9<\/a><\/li><li class='ez-toc-page-1 ez-toc-heading-level-2'><a class=\"ez-toc-link ez-toc-heading-4\" href=\"https:\/\/site-affiliation.fr\/offre\/mentions-legales\/#5_Liens_hypertextes\" >5. Liens hypertextes<\/a><\/li><li class='ez-toc-page-1 ez-toc-heading-level-2'><a class=\"ez-toc-link ez-toc-heading-5\" href=\"https:\/\/site-affiliation.fr\/offre\/mentions-legales\/#6_Contact\" >6. Contact<\/a><\/li><li class='ez-toc-page-1 ez-toc-heading-level-2'><a class=\"ez-toc-link ez-toc-heading-6\" href=\"https:\/\/site-affiliation.fr\/offre\/mentions-legales\/#7_Droit_applicable\" >7. Droit applicable<\/a><\/li><\/ul><\/nav><\/div>\n<h2 class=\"wp-block-heading\"><span class=\"ez-toc-section\" id=\"2_Hebergement\"><\/span>2. H\u00e9bergement<span class=\"ez-toc-section-end\"><\/span><\/h2>\n\n\n\n<p class=\"wp-block-paragraph\">Le site est h\u00e9berg\u00e9 par :<\/p>\n\n\n\n<ul class=\"wp-block-list\">\n<li>Les informations d&rsquo;h\u00e9bergement seront communiqu\u00e9es sur demande conform\u00e9ment \u00e0 l&rsquo;article 6-III de la loi n\u00b0 2004-575 du 21 juin 2004.<\/li>\n<\/ul>\n\n\n\n<h2 class=\"wp-block-heading\"><span class=\"ez-toc-section\" id=\"3_Propriete_intellectuelle\"><\/span>3. Propri\u00e9t\u00e9 intellectuelle<span class=\"ez-toc-section-end\"><\/span><\/h2>\n\n\n\n<p class=\"wp-block-paragraph\">L&rsquo;ensemble du contenu de ce site (textes, images, vid\u00e9os, logos, graphismes, etc.) est la propri\u00e9t\u00e9 exclusive de MBS m\u00e9dia Z, sauf mention contraire.<\/p>\n\n\n\n<p class=\"wp-block-paragraph\">Toute reproduction, distribution, modification, adaptation, retransmission ou publication de ces diff\u00e9rents \u00e9l\u00e9ments est strictement interdite sans l&rsquo;accord \u00e9crit pr\u00e9alable de MBS m\u00e9dia Z.<\/p>\n\n\n\n<h2 class=\"wp-block-heading\"><span class=\"ez-toc-section\" id=\"4_Responsabilite\"><\/span>4. Responsabilit\u00e9<span class=\"ez-toc-section-end\"><\/span><\/h2>\n\n\n\n<p class=\"wp-block-paragraph\">MBS m\u00e9dia Z s&rsquo;efforce d&rsquo;assurer l&rsquo;exactitude et la mise \u00e0 jour des informations diffus\u00e9es sur ce site. Toutefois, MBS m\u00e9dia Z ne peut garantir l&rsquo;exactitude, la pr\u00e9cision ou l&rsquo;exhaustivit\u00e9 des informations mises \u00e0 disposition sur ce site.<\/p>\n\n\n\n<p class=\"wp-block-paragraph\">En cons\u00e9quence, MBS m\u00e9dia Z d\u00e9cline toute responsabilit\u00e9 pour toute impr\u00e9cision, inexactitude ou omission portant sur des informations disponibles sur ce site.<\/p>\n\n\n\n<h2 class=\"wp-block-heading\"><span class=\"ez-toc-section\" id=\"5_Liens_hypertextes\"><\/span>5. Liens hypertextes<span class=\"ez-toc-section-end\"><\/span><\/h2>\n\n\n\n<p class=\"wp-block-paragraph\">Le site peut contenir des liens hypertextes vers d&rsquo;autres sites. MBS m\u00e9dia Z n&rsquo;exerce aucun contr\u00f4le sur ces sites et d\u00e9cline toute responsabilit\u00e9 quant \u00e0 l&rsquo;acc\u00e8s, au contenu ou \u00e0 l&rsquo;utilisation de ces sites, ainsi qu&rsquo;aux dommages pouvant en r\u00e9sulter.<\/p>\n\n\n\n<h2 class=\"wp-block-heading\"><span class=\"ez-toc-section\" id=\"6_Contact\"><\/span>6. Contact<span class=\"ez-toc-section-end\"><\/span><\/h2>\n\n\n\n<p class=\"wp-block-paragraph\">Pour toute question concernant les mentions l\u00e9gales, vous pouvez nous contacter :<\/p>\n\n\n\n<ul class=\"wp-block-list\">\n<li><strong>Par email :<\/strong>\u00a0<a href=\"mailto:contact@site-affiliation.fr\">contact@site-affiliation.fr<\/a><\/li>\n\n\n\n<li><strong>Par courrier :<\/strong>\u00a050 avenue des Champs-\u00c9lys\u00e9es, 75008 Paris, France<\/li>\n<\/ul>\n\n\n\n<h2 class=\"wp-block-heading\"><span class=\"ez-toc-section\" id=\"7_Droit_applicable\"><\/span>7. Droit applicable<span class=\"ez-toc-section-end\"><\/span><\/h2>\n\n\n\n<p class=\"wp-block-paragraph\">Les pr\u00e9sentes mentions l\u00e9gales sont soumises au droit fran\u00e7ais. En cas de litige, les tribunaux fran\u00e7ais seront seuls comp\u00e9tents.<\/p>\n","protected":false},"excerpt":{"rendered":"<p>Le pr\u00e9sent site web est \u00e9dit\u00e9 par : 2. H\u00e9bergement Le site est h\u00e9berg\u00e9 par : 3. Propri\u00e9t\u00e9 intellectuelle L&rsquo;ensemble [&hellip;]<\/p>\n","protected":false},"author":1,"featured_media":0,"parent":0,"menu_order":0,"comment_status":"closed","ping_status":"closed","template":"","meta":{"_crdt_document":"","site-sidebar-layout":"default","site-content-layout":"","ast-site-content-layout":"default","site-content-style":"default","site-sidebar-style":"default","ast-global-header-display":"","ast-banner-title-visibility":"","ast-main-header-display":"","ast-hfb-above-header-display":"","ast-hfb-below-header-display":"","ast-hfb-mobile-header-display":"","site-post-title":"","ast-breadcrumbs-content":"","ast-featured-img":"","footer-sml-layout":"","ast-disable-related-posts":"","theme-transparent-header-meta":"","adv-header-id-meta":"","stick-header-meta":"","header-above-stick-meta":"","header-main-stick-meta":"","header-below-stick-meta":"","astra-migrate-meta-layouts":"default","ast-page-background-enabled":"default","ast-page-background-meta":{"desktop":{"background-color":"var(--ast-global-color-5)","background-image":"","background-repeat":"repeat","background-position":"center center","background-size":"auto","background-attachment":"scroll","background-type":"","background-media":"","overlay-type":"","overlay-color":"","overlay-opacity":"","overlay-gradient":""},"tablet":{"background-color":"","background-image":"","background-repeat":"repeat","background-position":"center center","background-size":"auto","background-attachment":"scroll","background-type":"","background-media":"","overlay-type":"","overlay-color":"","overlay-opacity":"","overlay-gradient":""},"mobile":{"background-color":"","background-image":"","background-repeat":"repeat","background-position":"center center","background-size":"auto","background-attachment":"scroll","background-type":"","background-media":"","overlay-type":"","overlay-color":"","overlay-opacity":"","overlay-gradient":""}},"ast-content-background-meta":{"desktop":{"background-color":"var(--ast-global-color-4)","background-image":"","background-repeat":"repeat","background-position":"center center","background-size":"auto","background-attachment":"scroll","background-type":"","background-media":"","overlay-type":"","overlay-color":"","overlay-opacity":"","overlay-gradient":""},"tablet":{"background-color":"var(--ast-global-color-4)","background-image":"","background-repeat":"repeat","background-position":"center center","background-size":"auto","background-attachment":"scroll","background-type":"","background-media":"","overlay-type":"","overlay-color":"","overlay-opacity":"","overlay-gradient":""},"mobile":{"background-color":"var(--ast-global-color-4)","background-image":"","background-repeat":"repeat","background-position":"center center","background-size":"auto","background-attachment":"scroll","background-type":"","background-media":"","overlay-type":"","overlay-color":"","overlay-opacity":"","overlay-gradient":""}},"footnotes":""},"class_list":["post-59","page","type-page","status-publish","hentry"],"_links":{"self":[{"href":"https:\/\/site-affiliation.fr\/offre\/wp-json\/wp\/v2\/pages\/59","targetHints":{"allow":["GET"]}}],"collection":[{"href":"https:\/\/site-affiliation.fr\/offre\/wp-json\/wp\/v2\/pages"}],"about":[{"href":"https:\/\/site-affiliation.fr\/offre\/wp-json\/wp\/v2\/types\/page"}],"author":[{"embeddable":true,"href":"https:\/\/site-affiliation.fr\/offre\/wp-json\/wp\/v2\/users\/1"}],"replies":[{"embeddable":true,"href":"https:\/\/site-affiliation.fr\/offre\/wp-json\/wp\/v2\/comments?post=59"}],"version-history":[{"count":1,"href":"https:\/\/site-affiliation.fr\/offre\/wp-json\/wp\/v2\/pages\/59\/revisions"}],"predecessor-version":[{"id":237,"href":"https:\/\/site-affiliation.fr\/offre\/wp-json\/wp\/v2\/pages\/59\/revisions\/237"}],"wp:attachment":[{"href":"https:\/\/site-affiliation.fr\/offre\/wp-json\/wp\/v2\/media?parent=59"}],"curies":[{"name":"wp","href":"https:\/\/api.w.org\/{rel}","templated":true}]}}